{"id":3314,"date":"2024-04-27T04:11:58","date_gmt":"2024-04-27T04:11:58","guid":{"rendered":"https:\/\/3d-atelier.ch\/?page_id=3314"},"modified":"2024-04-27T04:23:22","modified_gmt":"2024-04-27T04:23:22","slug":"displays","status":"publish","type":"page","link":"https:\/\/3d-atelier.ch\/?page_id=3314","title":{"rendered":"Displays"},"content":{"rendered":"\t\t<div data-elementor-type=\"wp-page\" data-elementor-id=\"3314\" class=\"elementor elementor-3314\">\n\t\t\t\t<div class=\"elementor-element elementor-element-a5f365c e-con-full e-flex e-con e-parent\" data-id=\"a5f365c\" data-element_type=\"container\" data-settings=\"{&quot;background_background&quot;:&quot;classic&quot;}\" data-core-v316-plus=\"true\">\n\t\t<div class=\"elementor-element elementor-element-befc42a e-con-full e-flex e-con e-child\" data-id=\"befc42a\" data-element_type=\"container\">\n\t\t\t\t<div class=\"elementor-element elementor-element-9cdc510 elementor-widget elementor-widget-htmega-menu-verticle-menu\" data-id=\"9cdc510\" data-element_type=\"widget\" data-widget_type=\"htmega-menu-verticle-menu.default\">\n\t\t\t\t<div class=\"elementor-widget-container\">\n\t\t\t<div class=\"menu-3d-gestaltung-container\"><div class=\"htmega-verticle-menu\"><ul id=\"menu-3d-gestaltung\" class=\"menu\"><li id=\"nav-menu-item-3307\" class=\"main-menu-item  menu-item-even menu-item-depth-0 menu-item menu-item-type-post_type menu-item-object-page\"><a href=\"https:\/\/3d-atelier.ch\/?page_id=3273\" class=\"menu-link main-menu-link\">Dekoration<\/a><\/li>\n<li id=\"nav-menu-item-3460\" class=\"main-menu-item  menu-item-even menu-item-depth-0 menu-item menu-item-type-post_type menu-item-object-page\"><a href=\"https:\/\/3d-atelier.ch\/?page_id=3129\" class=\"menu-link main-menu-link\">3D Objekte<\/a><\/li>\n<li id=\"nav-menu-item-3328\" class=\"main-menu-item  menu-item-even menu-item-depth-0 menu-item menu-item-type-post_type menu-item-object-page\"><a href=\"https:\/\/3d-atelier.ch\/?page_id=3314\" class=\"menu-link main-menu-link\">Displays<\/a><\/li>\n<li id=\"nav-menu-item-3350\" class=\"main-menu-item  menu-item-even menu-item-depth-0 menu-item menu-item-type-post_type menu-item-object-page\"><a href=\"https:\/\/3d-atelier.ch\/?page_id=3329\" class=\"menu-link main-menu-link\">3D Animiert<\/a><\/li>\n<\/ul><\/div><\/div>\t\t<\/div>\n\t\t\t\t<\/div>\n\t\t\t\t<div class=\"elementor-element elementor-element-0848f97 elementor-widget elementor-widget-text-editor\" data-id=\"0848f97\" data-element_type=\"widget\" data-widget_type=\"text-editor.default\">\n\t\t\t\t<div class=\"elementor-widget-container\">\n\t\t\t<style>\/*! elementor - v3.20.0 - 13-03-2024 *\/\n.elementor-widget-text-editor.elementor-drop-cap-view-stacked .elementor-drop-cap{background-color:#69727d;color:#fff}.elementor-widget-text-editor.elementor-drop-cap-view-framed .elementor-drop-cap{color:#69727d;border:3px solid;background-color:transparent}.elementor-widget-text-editor:not(.elementor-drop-cap-view-default) .elementor-drop-cap{margin-top:8px}.elementor-widget-text-editor:not(.elementor-drop-cap-view-default) .elementor-drop-cap-letter{width:1em;height:1em}.elementor-widget-text-editor .elementor-drop-cap{float:left;text-align:center;line-height:1;font-size:50px}.elementor-widget-text-editor .elementor-drop-cap-letter{display:inline-block}<\/style>\t\t\t\t<p>Werbetr\u00e4ger und Warenpr\u00e4sentations-Displays f\u00fcr jeden Bereich.<br \/><br \/><\/p><p>Wir gestalten,entwickeln und produzieren auch hohe St\u00fcckzahlen in k\u00fcrzester Zeit in allen Materialien und hoher Qualit\u00e4t.<\/p>\t\t\t\t\t\t<\/div>\n\t\t\t\t<\/div>\n\t\t\t\t<\/div>\n\t\t<div class=\"elementor-element elementor-element-d0368de e-con-full e-flex e-con e-child\" data-id=\"d0368de\" data-element_type=\"container\">\n\t\t\t\t<div class=\"elementor-element elementor-element-72d6401 elementor-arrows-position-inside elementor-pagination-position-outside elementor-widget elementor-widget-image-carousel\" data-id=\"72d6401\" data-element_type=\"widget\" data-settings=\"{&quot;slides_to_show&quot;:&quot;1&quot;,&quot;navigation&quot;:&quot;both&quot;,&quot;autoplay&quot;:&quot;yes&quot;,&quot;pause_on_hover&quot;:&quot;yes&quot;,&quot;pause_on_interaction&quot;:&quot;yes&quot;,&quot;autoplay_speed&quot;:5000,&quot;infinite&quot;:&quot;yes&quot;,&quot;effect&quot;:&quot;slide&quot;,&quot;speed&quot;:500}\" data-widget_type=\"image-carousel.default\">\n\t\t\t\t<div class=\"elementor-widget-container\">\n\t\t\t<style>\/*! elementor - v3.20.0 - 13-03-2024 *\/\n.elementor-widget-image-carousel .swiper,.elementor-widget-image-carousel .swiper-container{position:static}.elementor-widget-image-carousel .swiper-container .swiper-slide figure,.elementor-widget-image-carousel .swiper .swiper-slide figure{line-height:inherit}.elementor-widget-image-carousel .swiper-slide{text-align:center}.elementor-image-carousel-wrapper:not(.swiper-container-initialized):not(.swiper-initialized) .swiper-slide{max-width:calc(100% \/ var(--e-image-carousel-slides-to-show, 3))}<\/style>\t\t<div class=\"elementor-image-carousel-wrapper swiper\" dir=\"ltr\">\n\t\t\t<div class=\"elementor-image-carousel swiper-wrapper\" aria-live=\"off\">\n\t\t\t\t\t\t\t\t<div class=\"swiper-slide\" role=\"group\" aria-roledescription=\"slide\" aria-label=\"1 of 5\"><a data-elementor-open-lightbox=\"yes\" data-elementor-lightbox-slideshow=\"72d6401\" data-elementor-lightbox-title=\"WB_AQUATOWER\" data-e-action-hash=\"#elementor-action%3Aaction%3Dlightbox%26settings%3DeyJpZCI6MzMxOSwidXJsIjoiaHR0cHM6XC9cLzNkLWF0ZWxpZXIuY2hcL3dwLWNvbnRlbnRcL3VwbG9hZHNcLzIwMjRcLzA0XC9XQl9BUVVBVE9XRVIuanBnIiwic2xpZGVzaG93IjoiNzJkNjQwMSJ9\" href=\"https:\/\/3d-atelier.ch\/wp-content\/uploads\/2024\/04\/WB_AQUATOWER.jpg\"><figure class=\"swiper-slide-inner\"><img decoding=\"async\" class=\"swiper-slide-image\" src=\"https:\/\/3d-atelier.ch\/wp-content\/uploads\/2024\/04\/WB_AQUATOWER.jpg\" alt=\"WB_AQUATOWER\" \/><\/figure><\/a><\/div><div class=\"swiper-slide\" role=\"group\" aria-roledescription=\"slide\" aria-label=\"2 of 5\"><a data-elementor-open-lightbox=\"yes\" data-elementor-lightbox-slideshow=\"72d6401\" data-elementor-lightbox-title=\"WB_BALMAIN DISPLAY CASAGRANDE\" data-e-action-hash=\"#elementor-action%3Aaction%3Dlightbox%26settings%3DeyJpZCI6MzMyMSwidXJsIjoiaHR0cHM6XC9cLzNkLWF0ZWxpZXIuY2hcL3dwLWNvbnRlbnRcL3VwbG9hZHNcLzIwMjRcLzA0XC9XQl9CQUxNQUlOLURJU1BMQVktQ0FTQUdSQU5ERS5qcGciLCJzbGlkZXNob3ciOiI3MmQ2NDAxIn0%3D\" href=\"https:\/\/3d-atelier.ch\/wp-content\/uploads\/2024\/04\/WB_BALMAIN-DISPLAY-CASAGRANDE.jpg\"><figure class=\"swiper-slide-inner\"><img decoding=\"async\" class=\"swiper-slide-image\" src=\"https:\/\/3d-atelier.ch\/wp-content\/uploads\/2024\/04\/WB_BALMAIN-DISPLAY-CASAGRANDE.jpg\" alt=\"WB_BALMAIN DISPLAY CASAGRANDE\" \/><\/figure><\/a><\/div><div class=\"swiper-slide\" role=\"group\" aria-roledescription=\"slide\" aria-label=\"3 of 5\"><a data-elementor-open-lightbox=\"yes\" data-elementor-lightbox-slideshow=\"72d6401\" data-elementor-lightbox-title=\"WB_BOMBERG\" data-e-action-hash=\"#elementor-action%3Aaction%3Dlightbox%26settings%3DeyJpZCI6MzMyMiwidXJsIjoiaHR0cHM6XC9cLzNkLWF0ZWxpZXIuY2hcL3dwLWNvbnRlbnRcL3VwbG9hZHNcLzIwMjRcLzA0XC9XQl9CT01CRVJHLmpwZyIsInNsaWRlc2hvdyI6IjcyZDY0MDEifQ%3D%3D\" href=\"https:\/\/3d-atelier.ch\/wp-content\/uploads\/2024\/04\/WB_BOMBERG.jpg\"><figure class=\"swiper-slide-inner\"><img decoding=\"async\" class=\"swiper-slide-image\" src=\"https:\/\/3d-atelier.ch\/wp-content\/uploads\/2024\/04\/WB_BOMBERG.jpg\" alt=\"WB_BOMBERG\" \/><\/figure><\/a><\/div><div class=\"swiper-slide\" role=\"group\" aria-roledescription=\"slide\" aria-label=\"4 of 5\"><a data-elementor-open-lightbox=\"yes\" data-elementor-lightbox-slideshow=\"72d6401\" data-elementor-lightbox-title=\"WB_CK DISPLAY\" data-e-action-hash=\"#elementor-action%3Aaction%3Dlightbox%26settings%3DeyJpZCI6MzMyMywidXJsIjoiaHR0cHM6XC9cLzNkLWF0ZWxpZXIuY2hcL3dwLWNvbnRlbnRcL3VwbG9hZHNcLzIwMjRcLzA0XC9XQl9DSy1ESVNQTEFZLmpwZyIsInNsaWRlc2hvdyI6IjcyZDY0MDEifQ%3D%3D\" href=\"https:\/\/3d-atelier.ch\/wp-content\/uploads\/2024\/04\/WB_CK-DISPLAY.jpg\"><figure class=\"swiper-slide-inner\"><img decoding=\"async\" class=\"swiper-slide-image\" src=\"https:\/\/3d-atelier.ch\/wp-content\/uploads\/2024\/04\/WB_CK-DISPLAY.jpg\" alt=\"WB_CK DISPLAY\" \/><\/figure><\/a><\/div><div class=\"swiper-slide\" role=\"group\" aria-roledescription=\"slide\" aria-label=\"5 of 5\"><a data-elementor-open-lightbox=\"yes\" data-elementor-lightbox-slideshow=\"72d6401\" data-elementor-lightbox-title=\"WB_STA\u0308NDER\" data-e-action-hash=\"#elementor-action%3Aaction%3Dlightbox%26settings%3DeyJpZCI6MzMyNCwidXJsIjoiaHR0cHM6XC9cLzNkLWF0ZWxpZXIuY2hcL3dwLWNvbnRlbnRcL3VwbG9hZHNcLzIwMjRcLzA0XC9XQl9TVEFOREVSLmpwZyIsInNsaWRlc2hvdyI6IjcyZDY0MDEifQ%3D%3D\" href=\"https:\/\/3d-atelier.ch\/wp-content\/uploads\/2024\/04\/WB_STANDER.jpg\"><figure class=\"swiper-slide-inner\"><img decoding=\"async\" class=\"swiper-slide-image\" src=\"https:\/\/3d-atelier.ch\/wp-content\/uploads\/2024\/04\/WB_STANDER.jpg\" alt=\"WB_STA\u0308NDER\" \/><\/figure><\/a><\/div>\t\t\t<\/div>\n\t\t\t\t\t\t\t\t\t\t\t\t<div class=\"elementor-swiper-button elementor-swiper-button-prev\" role=\"button\" tabindex=\"0\">\n\t\t\t\t\t\t<svg aria-hidden=\"true\" class=\"e-font-icon-svg e-eicon-chevron-left\" viewBox=\"0 0 1000 1000\" xmlns=\"http:\/\/www.w3.org\/2000\/svg\"><path d=\"M646 125C629 125 613 133 604 142L308 442C296 454 292 471 292 487 292 504 296 521 308 533L604 854C617 867 629 875 646 875 663 875 679 871 692 858 704 846 713 829 713 812 713 796 708 779 692 767L438 487 692 225C700 217 708 204 708 187 708 171 704 154 692 142 675 129 663 125 646 125Z\"><\/path><\/svg>\t\t\t\t\t<\/div>\n\t\t\t\t\t<div class=\"elementor-swiper-button elementor-swiper-button-next\" role=\"button\" tabindex=\"0\">\n\t\t\t\t\t\t<svg aria-hidden=\"true\" class=\"e-font-icon-svg e-eicon-chevron-right\" viewBox=\"0 0 1000 1000\" xmlns=\"http:\/\/www.w3.org\/2000\/svg\"><path d=\"M696 533C708 521 713 504 713 487 713 471 708 454 696 446L400 146C388 133 375 125 354 125 338 125 325 129 313 142 300 154 292 171 292 187 292 204 296 221 308 233L563 492 304 771C292 783 288 800 288 817 288 833 296 850 308 863 321 871 338 875 354 875 371 875 388 867 400 854L696 533Z\"><\/path><\/svg>\t\t\t\t\t<\/div>\n\t\t\t\t\n\t\t\t\t\t\t\t\t\t<div class=\"swiper-pagination\"><\/div>\n\t\t\t\t\t\t\t\t\t<\/div>\n\t\t\t\t<\/div>\n\t\t\t\t<\/div>\n\t\t\t\t<\/div>\n\t\t\t\t<\/div>\n\t\t\t\t<\/div>\n\t\t","protected":false},"excerpt":{"rendered":"<p>3D Objekte Dekoration Displays 3D Animiert Werbetr\u00e4ger und Warenpr\u00e4sentations-Displays f\u00fcr jeden Bereich. Wir gestalten,entwickeln und produzieren auch hohe St\u00fcckzahlen in k\u00fcrzester Zeit in allen Materialien und hoher Qualit\u00e4t.<\/p>\n","protected":false},"author":1,"featured_media":0,"parent":0,"menu_order":0,"comment_status":"closed","ping_status":"closed","template":"elementor_header_footer","meta":{"footnotes":""},"class_list":["post-3314","page","type-page","status-publish","hentry"],"yoast_head":"<!-- This site is optimized with the Yoast SEO plugin v23.0 - https:\/\/yoast.com\/wordpress\/plugins\/seo\/ -->\n<title>Displays - Atelier Visual Communication<\/title>\n<meta name=\"robots\" content=\"noindex, follow, max-snippet:-1, max-image-preview:large, max-video-preview:-1\" \/>\n<meta property=\"og:locale\" content=\"en_US\" \/>\n<meta property=\"og:type\" content=\"article\" \/>\n<meta property=\"og:title\" content=\"Displays - Atelier Visual Communication\" \/>\n<meta property=\"og:description\" content=\"3D Objekte Dekoration Displays 3D Animiert Werbetr\u00e4ger und Warenpr\u00e4sentations-Displays f\u00fcr jeden Bereich. Wir gestalten,entwickeln und produzieren auch hohe St\u00fcckzahlen in k\u00fcrzester Zeit in allen Materialien und hoher Qualit\u00e4t.\" \/>\n<meta property=\"og:url\" content=\"https:\/\/3d-atelier.ch\/?page_id=3314\" \/>\n<meta property=\"og:site_name\" content=\"Atelier Visual Communication\" \/>\n<meta property=\"article:modified_time\" content=\"2024-04-27T04:23:22+00:00\" \/>\n<meta property=\"og:image\" content=\"https:\/\/3d-atelier.ch\/wp-content\/uploads\/2024\/04\/WB_AQUATOWER.jpg\" \/>\n<meta name=\"twitter:card\" content=\"summary_large_image\" \/>\n<script type=\"application\/ld+json\" class=\"yoast-schema-graph\">{\"@context\":\"https:\/\/schema.org\",\"@graph\":[{\"@type\":\"WebPage\",\"@id\":\"https:\/\/3d-atelier.ch\/?page_id=3314\",\"url\":\"https:\/\/3d-atelier.ch\/?page_id=3314\",\"name\":\"Displays - Atelier Visual Communication\",\"isPartOf\":{\"@id\":\"https:\/\/3d-atelier.ch\/#website\"},\"primaryImageOfPage\":{\"@id\":\"https:\/\/3d-atelier.ch\/?page_id=3314#primaryimage\"},\"image\":{\"@id\":\"https:\/\/3d-atelier.ch\/?page_id=3314#primaryimage\"},\"thumbnailUrl\":\"https:\/\/3d-atelier.ch\/wp-content\/uploads\/2024\/04\/WB_AQUATOWER.jpg\",\"datePublished\":\"2024-04-27T04:11:58+00:00\",\"dateModified\":\"2024-04-27T04:23:22+00:00\",\"breadcrumb\":{\"@id\":\"https:\/\/3d-atelier.ch\/?page_id=3314#breadcrumb\"},\"inLanguage\":\"en-US\",\"potentialAction\":[{\"@type\":\"ReadAction\",\"target\":[\"https:\/\/3d-atelier.ch\/?page_id=3314\"]}]},{\"@type\":\"ImageObject\",\"inLanguage\":\"en-US\",\"@id\":\"https:\/\/3d-atelier.ch\/?page_id=3314#primaryimage\",\"url\":\"https:\/\/3d-atelier.ch\/wp-content\/uploads\/2024\/04\/WB_AQUATOWER.jpg\",\"contentUrl\":\"https:\/\/3d-atelier.ch\/wp-content\/uploads\/2024\/04\/WB_AQUATOWER.jpg\"},{\"@type\":\"BreadcrumbList\",\"@id\":\"https:\/\/3d-atelier.ch\/?page_id=3314#breadcrumb\",\"itemListElement\":[{\"@type\":\"ListItem\",\"position\":1,\"name\":\"Home\",\"item\":\"https:\/\/3d-atelier.ch\/\"},{\"@type\":\"ListItem\",\"position\":2,\"name\":\"Displays\"}]},{\"@type\":\"WebSite\",\"@id\":\"https:\/\/3d-atelier.ch\/#website\",\"url\":\"https:\/\/3d-atelier.ch\/\",\"name\":\"Atelier Visual Communication\",\"description\":\"\",\"potentialAction\":[{\"@type\":\"SearchAction\",\"target\":{\"@type\":\"EntryPoint\",\"urlTemplate\":\"https:\/\/3d-atelier.ch\/?s={search_term_string}\"},\"query-input\":\"required name=search_term_string\"}],\"inLanguage\":\"en-US\"}]}<\/script>\n<!-- \/ Yoast SEO plugin. -->","yoast_head_json":{"title":"Displays - Atelier Visual Communication","robots":{"index":"noindex","follow":"follow","max-snippet":"max-snippet:-1","max-image-preview":"max-image-preview:large","max-video-preview":"max-video-preview:-1"},"og_locale":"en_US","og_type":"article","og_title":"Displays - Atelier Visual Communication","og_description":"3D Objekte Dekoration Displays 3D Animiert Werbetr\u00e4ger und Warenpr\u00e4sentations-Displays f\u00fcr jeden Bereich. Wir gestalten,entwickeln und produzieren auch hohe St\u00fcckzahlen in k\u00fcrzester Zeit in allen Materialien und hoher Qualit\u00e4t.","og_url":"https:\/\/3d-atelier.ch\/?page_id=3314","og_site_name":"Atelier Visual Communication","article_modified_time":"2024-04-27T04:23:22+00:00","og_image":[{"url":"https:\/\/3d-atelier.ch\/wp-content\/uploads\/2024\/04\/WB_AQUATOWER.jpg"}],"twitter_card":"summary_large_image","schema":{"@context":"https:\/\/schema.org","@graph":[{"@type":"WebPage","@id":"https:\/\/3d-atelier.ch\/?page_id=3314","url":"https:\/\/3d-atelier.ch\/?page_id=3314","name":"Displays - Atelier Visual Communication","isPartOf":{"@id":"https:\/\/3d-atelier.ch\/#website"},"primaryImageOfPage":{"@id":"https:\/\/3d-atelier.ch\/?page_id=3314#primaryimage"},"image":{"@id":"https:\/\/3d-atelier.ch\/?page_id=3314#primaryimage"},"thumbnailUrl":"https:\/\/3d-atelier.ch\/wp-content\/uploads\/2024\/04\/WB_AQUATOWER.jpg","datePublished":"2024-04-27T04:11:58+00:00","dateModified":"2024-04-27T04:23:22+00:00","breadcrumb":{"@id":"https:\/\/3d-atelier.ch\/?page_id=3314#breadcrumb"},"inLanguage":"en-US","potentialAction":[{"@type":"ReadAction","target":["https:\/\/3d-atelier.ch\/?page_id=3314"]}]},{"@type":"ImageObject","inLanguage":"en-US","@id":"https:\/\/3d-atelier.ch\/?page_id=3314#primaryimage","url":"https:\/\/3d-atelier.ch\/wp-content\/uploads\/2024\/04\/WB_AQUATOWER.jpg","contentUrl":"https:\/\/3d-atelier.ch\/wp-content\/uploads\/2024\/04\/WB_AQUATOWER.jpg"},{"@type":"BreadcrumbList","@id":"https:\/\/3d-atelier.ch\/?page_id=3314#breadcrumb","itemListElement":[{"@type":"ListItem","position":1,"name":"Home","item":"https:\/\/3d-atelier.ch\/"},{"@type":"ListItem","position":2,"name":"Displays"}]},{"@type":"WebSite","@id":"https:\/\/3d-atelier.ch\/#website","url":"https:\/\/3d-atelier.ch\/","name":"Atelier Visual Communication","description":"","potentialAction":[{"@type":"SearchAction","target":{"@type":"EntryPoint","urlTemplate":"https:\/\/3d-atelier.ch\/?s={search_term_string}"},"query-input":"required name=search_term_string"}],"inLanguage":"en-US"}]}},"_links":{"self":[{"href":"https:\/\/3d-atelier.ch\/index.php?rest_route=\/wp\/v2\/pages\/3314","targetHints":{"allow":["GET"]}}],"collection":[{"href":"https:\/\/3d-atelier.ch\/index.php?rest_route=\/wp\/v2\/pages"}],"about":[{"href":"https:\/\/3d-atelier.ch\/index.php?rest_route=\/wp\/v2\/types\/page"}],"author":[{"embeddable":true,"href":"https:\/\/3d-atelier.ch\/index.php?rest_route=\/wp\/v2\/users\/1"}],"replies":[{"embeddable":true,"href":"https:\/\/3d-atelier.ch\/index.php?rest_route=%2Fwp%2Fv2%2Fcomments&post=3314"}],"version-history":[{"count":7,"href":"https:\/\/3d-atelier.ch\/index.php?rest_route=\/wp\/v2\/pages\/3314\/revisions"}],"predecessor-version":[{"id":3327,"href":"https:\/\/3d-atelier.ch\/index.php?rest_route=\/wp\/v2\/pages\/3314\/revisions\/3327"}],"wp:attachment":[{"href":"https:\/\/3d-atelier.ch\/index.php?rest_route=%2Fwp%2Fv2%2Fmedia&parent=3314"}],"curies":[{"name":"wp","href":"https:\/\/api.w.org\/{rel}","templated":true}]}}