{"id":3396,"date":"2024-05-18T10:08:49","date_gmt":"2024-05-18T10:08:49","guid":{"rendered":"https:\/\/3d-atelier.ch\/?page_id=3396"},"modified":"2024-05-19T10:12:06","modified_gmt":"2024-05-19T10:12:06","slug":"about","status":"publish","type":"page","link":"https:\/\/3d-atelier.ch\/?page_id=3396","title":{"rendered":"About"},"content":{"rendered":"\t\t<div data-elementor-type=\"wp-page\" data-elementor-id=\"3396\" class=\"elementor elementor-3396\">\n\t\t\t\t<div class=\"elementor-element elementor-element-f5b7785 e-flex e-con-boxed e-con e-parent\" data-id=\"f5b7785\" data-element_type=\"container\" data-core-v316-plus=\"true\">\n\t\t\t\t\t<div class=\"e-con-inner\">\n\t\t\t\t<div class=\"elementor-element elementor-element-23ae4e2 elementor-widget elementor-widget-heading\" data-id=\"23ae4e2\" data-element_type=\"widget\" data-widget_type=\"heading.default\">\n\t\t\t\t<div class=\"elementor-widget-container\">\n\t\t\t<style>\/*! elementor - v3.20.0 - 13-03-2024 *\/\n.elementor-heading-title{padding:0;margin:0;line-height:1}.elementor-widget-heading .elementor-heading-title[class*=elementor-size-]>a{color:inherit;font-size:inherit;line-height:inherit}.elementor-widget-heading .elementor-heading-title.elementor-size-small{font-size:15px}.elementor-widget-heading .elementor-heading-title.elementor-size-medium{font-size:19px}.elementor-widget-heading .elementor-heading-title.elementor-size-large{font-size:29px}.elementor-widget-heading .elementor-heading-title.elementor-size-xl{font-size:39px}.elementor-widget-heading .elementor-heading-title.elementor-size-xxl{font-size:59px}<\/style><h3 class=\"elementor-heading-title elementor-size-default\">About Us<\/h3>\t\t<\/div>\n\t\t\t\t<\/div>\n\t\t\t\t\t<\/div>\n\t\t\t\t<\/div>\n\t\t<div class=\"elementor-element elementor-element-e05b1d3 e-flex e-con-boxed e-con e-parent\" data-id=\"e05b1d3\" data-element_type=\"container\" data-core-v316-plus=\"true\">\n\t\t\t\t\t<div class=\"e-con-inner\">\n\t\t<div class=\"elementor-element elementor-element-e3510b7 e-con-full e-flex e-con e-child\" data-id=\"e3510b7\" data-element_type=\"container\">\n\t\t\t\t<div class=\"elementor-element elementor-element-350a02e elementor-widget elementor-widget-image\" data-id=\"350a02e\" data-element_type=\"widget\" data-widget_type=\"image.default\">\n\t\t\t\t<div class=\"elementor-widget-container\">\n\t\t\t<style>\/*! elementor - v3.20.0 - 13-03-2024 *\/\n.elementor-widget-image{text-align:center}.elementor-widget-image a{display:inline-block}.elementor-widget-image a img[src$=\".svg\"]{width:48px}.elementor-widget-image img{vertical-align:middle;display:inline-block}<\/style>\t\t\t\t\t\t\t\t\t\t<img fetchpriority=\"high\" decoding=\"async\" width=\"787\" height=\"787\" src=\"https:\/\/3d-atelier.ch\/wp-content\/uploads\/2024\/05\/PORTRAIT-SW.jpg\" class=\"attachment-full size-full wp-image-3405\" alt=\"\" srcset=\"https:\/\/3d-atelier.ch\/wp-content\/uploads\/2024\/05\/PORTRAIT-SW.jpg 787w, https:\/\/3d-atelier.ch\/wp-content\/uploads\/2024\/05\/PORTRAIT-SW-300x300.jpg 300w, https:\/\/3d-atelier.ch\/wp-content\/uploads\/2024\/05\/PORTRAIT-SW-150x150.jpg 150w, https:\/\/3d-atelier.ch\/wp-content\/uploads\/2024\/05\/PORTRAIT-SW-768x768.jpg 768w, https:\/\/3d-atelier.ch\/wp-content\/uploads\/2024\/05\/PORTRAIT-SW-770x770.jpg 770w, https:\/\/3d-atelier.ch\/wp-content\/uploads\/2024\/05\/PORTRAIT-SW-160x160.jpg 160w\" sizes=\"(max-width: 787px) 100vw, 787px\" \/>\t\t\t\t\t\t\t\t\t\t\t\t\t<\/div>\n\t\t\t\t<\/div>\n\t\t\t\t<\/div>\n\t\t<div class=\"elementor-element elementor-element-12bd2e2 e-con-full e-flex e-con e-child\" data-id=\"12bd2e2\" data-element_type=\"container\">\n\t\t\t\t<div class=\"elementor-element elementor-element-04cc552 elementor-widget elementor-widget-text-editor\" data-id=\"04cc552\" data-element_type=\"widget\" data-widget_type=\"text-editor.default\">\n\t\t\t\t<div class=\"elementor-widget-container\">\n\t\t\t<style>\/*! elementor - v3.20.0 - 13-03-2024 *\/\n.elementor-widget-text-editor.elementor-drop-cap-view-stacked .elementor-drop-cap{background-color:#69727d;color:#fff}.elementor-widget-text-editor.elementor-drop-cap-view-framed .elementor-drop-cap{color:#69727d;border:3px solid;background-color:transparent}.elementor-widget-text-editor:not(.elementor-drop-cap-view-default) .elementor-drop-cap{margin-top:8px}.elementor-widget-text-editor:not(.elementor-drop-cap-view-default) .elementor-drop-cap-letter{width:1em;height:1em}.elementor-widget-text-editor .elementor-drop-cap{float:left;text-align:center;line-height:1;font-size:50px}.elementor-widget-text-editor .elementor-drop-cap-letter{display:inline-block}<\/style>\t\t\t\t<p>Kundenw\u00fcnsche real werden lassen. Dieses Privileg d\u00fcrfen wir t\u00e4glich in die Tat umsetzen. Dabei wollen wir unsere Kunden begeistern.<\/p><p><br \/>Wir setzen auf Standort Schweiz, denn nur so k\u00f6nnen wir Ihnen die versprochene Schnelligkeit und Qualit\u00e4t umsetzen.<\/p>\t\t\t\t\t\t<\/div>\n\t\t\t\t<\/div>\n\t\t\t\t<div class=\"elementor-element elementor-element-9191281 elementor-widget elementor-widget-heading\" data-id=\"9191281\" data-element_type=\"widget\" data-widget_type=\"heading.default\">\n\t\t\t\t<div class=\"elementor-widget-container\">\n\t\t\t<h4 class=\"elementor-heading-title elementor-size-default\">Heiko Cornelsen, Inhaber\n<\/h4>\t\t<\/div>\n\t\t\t\t<\/div>\n\t\t\t\t<\/div>\n\t\t\t\t\t<\/div>\n\t\t\t\t<\/div>\n\t\t<div class=\"elementor-element elementor-element-b9efc70 e-flex e-con-boxed e-con e-parent\" data-id=\"b9efc70\" data-element_type=\"container\" data-core-v316-plus=\"true\">\n\t\t\t\t\t<div class=\"e-con-inner\">\n\t\t\t\t<div class=\"elementor-element elementor-element-ff645f6 elementor-widget elementor-widget-heading\" data-id=\"ff645f6\" data-element_type=\"widget\" data-widget_type=\"heading.default\">\n\t\t\t\t<div class=\"elementor-widget-container\">\n\t\t\t<h3 class=\"elementor-heading-title elementor-size-default\">Unsere Philosophie<\/h3>\t\t<\/div>\n\t\t\t\t<\/div>\n\t\t\t\t<div class=\"elementor-element elementor-element-4304554 elementor-widget elementor-widget-text-editor\" data-id=\"4304554\" data-element_type=\"widget\" data-widget_type=\"text-editor.default\">\n\t\t\t\t<div class=\"elementor-widget-container\">\n\t\t\t\t\t\t\tWir schauen auf die Umwelt. Mit unserem Engagement optimieren wir Produktion, Verpackung und Transport. Von unn\u00f6tigen Fahrten mit dem Auto sehen wir ab und bevorzugen, wenn immer m\u00f6glich, \u00d6V oder Velo. Abfall vermeiden ist uns ebenso wichtig wie die Verarbeitung von wiederverwertbaren Materialien.\t\t\t\t\t\t<\/div>\n\t\t\t\t<\/div>\n\t\t\t\t\t<\/div>\n\t\t\t\t<\/div>\n\t\t<div class=\"elementor-element elementor-element-a951eb4 e-flex e-con-boxed e-con e-parent\" data-id=\"a951eb4\" data-element_type=\"container\" data-core-v316-plus=\"true\">\n\t\t\t\t\t<div class=\"e-con-inner\">\n\t\t<div class=\"elementor-element elementor-element-953604d e-con-full e-flex e-con e-child\" data-id=\"953604d\" data-element_type=\"container\">\n\t\t\t\t<div class=\"elementor-element elementor-element-53df49c elementor-widget elementor-widget-image\" data-id=\"53df49c\" data-element_type=\"widget\" data-widget_type=\"image.default\">\n\t\t\t\t<div class=\"elementor-widget-container\">\n\t\t\t\t\t\t\t\t\t\t\t\t\t<img decoding=\"async\" width=\"80\" height=\"80\" src=\"https:\/\/3d-atelier.ch\/wp-content\/uploads\/2024\/05\/a1.png\" class=\"attachment-large size-large wp-image-3419\" alt=\"\" \/>\t\t\t\t\t\t\t\t\t\t\t\t\t<\/div>\n\t\t\t\t<\/div>\n\t\t\t\t<\/div>\n\t\t<div class=\"elementor-element elementor-element-0d15806 e-con-full e-flex e-con e-child\" data-id=\"0d15806\" data-element_type=\"container\">\n\t\t\t\t<div class=\"elementor-element elementor-element-fa8eab7 elementor-widget elementor-widget-image\" data-id=\"fa8eab7\" data-element_type=\"widget\" data-widget_type=\"image.default\">\n\t\t\t\t<div class=\"elementor-widget-container\">\n\t\t\t\t\t\t\t\t\t\t\t\t\t<img decoding=\"async\" width=\"80\" height=\"80\" src=\"https:\/\/3d-atelier.ch\/wp-content\/uploads\/2024\/05\/a2.png\" class=\"attachment-large size-large wp-image-3418\" alt=\"\" \/>\t\t\t\t\t\t\t\t\t\t\t\t\t<\/div>\n\t\t\t\t<\/div>\n\t\t\t\t<\/div>\n\t\t<div class=\"elementor-element elementor-element-edc930e e-con-full e-flex e-con e-child\" data-id=\"edc930e\" data-element_type=\"container\">\n\t\t\t\t<div class=\"elementor-element elementor-element-b0d30ed elementor-widget elementor-widget-image\" data-id=\"b0d30ed\" data-element_type=\"widget\" data-widget_type=\"image.default\">\n\t\t\t\t<div class=\"elementor-widget-container\">\n\t\t\t\t\t\t\t\t\t\t\t\t\t<img loading=\"lazy\" decoding=\"async\" width=\"80\" height=\"80\" src=\"https:\/\/3d-atelier.ch\/wp-content\/uploads\/2024\/05\/a3.png\" class=\"attachment-large size-large wp-image-3417\" alt=\"\" \/>\t\t\t\t\t\t\t\t\t\t\t\t\t<\/div>\n\t\t\t\t<\/div>\n\t\t\t\t<\/div>\n\t\t<div class=\"elementor-element elementor-element-d27c186 e-con-full e-flex e-con e-child\" data-id=\"d27c186\" data-element_type=\"container\">\n\t\t\t\t<div class=\"elementor-element elementor-element-c5621b0 elementor-widget elementor-widget-image\" data-id=\"c5621b0\" data-element_type=\"widget\" data-widget_type=\"image.default\">\n\t\t\t\t<div class=\"elementor-widget-container\">\n\t\t\t\t\t\t\t\t\t\t\t\t\t<img loading=\"lazy\" decoding=\"async\" width=\"80\" height=\"80\" src=\"https:\/\/3d-atelier.ch\/wp-content\/uploads\/2024\/05\/a4.png\" class=\"attachment-large size-large wp-image-3416\" alt=\"\" \/>\t\t\t\t\t\t\t\t\t\t\t\t\t<\/div>\n\t\t\t\t<\/div>\n\t\t\t\t<\/div>\n\t\t\t\t\t<\/div>\n\t\t\t\t<\/div>\n\t\t\t\t<\/div>\n\t\t","protected":false},"excerpt":{"rendered":"<p>About Us Kundenw\u00fcnsche real werden lassen. Dieses Privileg d\u00fcrfen wir t\u00e4glich in die Tat umsetzen. Dabei wollen wir unsere Kunden begeistern. Wir setzen auf Standort Schweiz, denn nur so k\u00f6nnen wir Ihnen die versprochene Schnelligkeit und Qualit\u00e4t umsetzen. Heiko Cornelsen, Inhaber Unsere Philosophie Wir schauen auf die Umwelt. Mit unserem Engagement optimieren wir Produktion, Verpackung und Transport. Von unn\u00f6tigen Fahrten mit dem Auto sehen wir ab und bevorzugen, wenn immer m\u00f6glich, \u00d6V oder Velo. Abfall vermeiden ist uns ebenso wichtig [&hellip;]<\/p>\n","protected":false},"author":1,"featured_media":0,"parent":0,"menu_order":0,"comment_status":"closed","ping_status":"closed","template":"elementor_header_footer","meta":{"footnotes":""},"class_list":["post-3396","page","type-page","status-publish","hentry"],"yoast_head":"<!-- This site is optimized with the Yoast SEO plugin v23.0 - https:\/\/yoast.com\/wordpress\/plugins\/seo\/ -->\n<title>About - Atelier Visual Communication<\/title>\n<meta name=\"robots\" content=\"noindex, follow, max-snippet:-1, max-image-preview:large, max-video-preview:-1\" \/>\n<meta property=\"og:locale\" content=\"en_US\" \/>\n<meta property=\"og:type\" content=\"article\" \/>\n<meta property=\"og:title\" content=\"About - Atelier Visual Communication\" \/>\n<meta property=\"og:description\" content=\"About Us Kundenw\u00fcnsche real werden lassen. Dieses Privileg d\u00fcrfen wir t\u00e4glich in die Tat umsetzen. Dabei wollen wir unsere Kunden begeistern. Wir setzen auf Standort Schweiz, denn nur so k\u00f6nnen wir Ihnen die versprochene Schnelligkeit und Qualit\u00e4t umsetzen. Heiko Cornelsen, Inhaber Unsere Philosophie Wir schauen auf die Umwelt. Mit unserem Engagement optimieren wir Produktion, Verpackung und Transport. Von unn\u00f6tigen Fahrten mit dem Auto sehen wir ab und bevorzugen, wenn immer m\u00f6glich, \u00d6V oder Velo. Abfall vermeiden ist uns ebenso wichtig [&hellip;]\" \/>\n<meta property=\"og:url\" content=\"https:\/\/3d-atelier.ch\/?page_id=3396\" \/>\n<meta property=\"og:site_name\" content=\"Atelier Visual Communication\" \/>\n<meta property=\"article:modified_time\" content=\"2024-05-19T10:12:06+00:00\" \/>\n<meta property=\"og:image\" content=\"https:\/\/3d-atelier.ch\/wp-content\/uploads\/2024\/05\/PORTRAIT-SW.jpg\" \/>\n<meta name=\"twitter:card\" content=\"summary_large_image\" \/>\n<script type=\"application\/ld+json\" class=\"yoast-schema-graph\">{\"@context\":\"https:\/\/schema.org\",\"@graph\":[{\"@type\":\"WebPage\",\"@id\":\"https:\/\/3d-atelier.ch\/?page_id=3396\",\"url\":\"https:\/\/3d-atelier.ch\/?page_id=3396\",\"name\":\"About - Atelier Visual Communication\",\"isPartOf\":{\"@id\":\"https:\/\/3d-atelier.ch\/#website\"},\"primaryImageOfPage\":{\"@id\":\"https:\/\/3d-atelier.ch\/?page_id=3396#primaryimage\"},\"image\":{\"@id\":\"https:\/\/3d-atelier.ch\/?page_id=3396#primaryimage\"},\"thumbnailUrl\":\"https:\/\/3d-atelier.ch\/wp-content\/uploads\/2024\/05\/PORTRAIT-SW.jpg\",\"datePublished\":\"2024-05-18T10:08:49+00:00\",\"dateModified\":\"2024-05-19T10:12:06+00:00\",\"breadcrumb\":{\"@id\":\"https:\/\/3d-atelier.ch\/?page_id=3396#breadcrumb\"},\"inLanguage\":\"en-US\",\"potentialAction\":[{\"@type\":\"ReadAction\",\"target\":[\"https:\/\/3d-atelier.ch\/?page_id=3396\"]}]},{\"@type\":\"ImageObject\",\"inLanguage\":\"en-US\",\"@id\":\"https:\/\/3d-atelier.ch\/?page_id=3396#primaryimage\",\"url\":\"https:\/\/3d-atelier.ch\/wp-content\/uploads\/2024\/05\/PORTRAIT-SW.jpg\",\"contentUrl\":\"https:\/\/3d-atelier.ch\/wp-content\/uploads\/2024\/05\/PORTRAIT-SW.jpg\",\"width\":787,\"height\":787},{\"@type\":\"BreadcrumbList\",\"@id\":\"https:\/\/3d-atelier.ch\/?page_id=3396#breadcrumb\",\"itemListElement\":[{\"@type\":\"ListItem\",\"position\":1,\"name\":\"Home\",\"item\":\"https:\/\/3d-atelier.ch\/\"},{\"@type\":\"ListItem\",\"position\":2,\"name\":\"About\"}]},{\"@type\":\"WebSite\",\"@id\":\"https:\/\/3d-atelier.ch\/#website\",\"url\":\"https:\/\/3d-atelier.ch\/\",\"name\":\"Atelier Visual Communication\",\"description\":\"\",\"potentialAction\":[{\"@type\":\"SearchAction\",\"target\":{\"@type\":\"EntryPoint\",\"urlTemplate\":\"https:\/\/3d-atelier.ch\/?s={search_term_string}\"},\"query-input\":\"required name=search_term_string\"}],\"inLanguage\":\"en-US\"}]}<\/script>\n<!-- \/ Yoast SEO plugin. -->","yoast_head_json":{"title":"About - Atelier Visual Communication","robots":{"index":"noindex","follow":"follow","max-snippet":"max-snippet:-1","max-image-preview":"max-image-preview:large","max-video-preview":"max-video-preview:-1"},"og_locale":"en_US","og_type":"article","og_title":"About - Atelier Visual Communication","og_description":"About Us Kundenw\u00fcnsche real werden lassen. Dieses Privileg d\u00fcrfen wir t\u00e4glich in die Tat umsetzen. Dabei wollen wir unsere Kunden begeistern. Wir setzen auf Standort Schweiz, denn nur so k\u00f6nnen wir Ihnen die versprochene Schnelligkeit und Qualit\u00e4t umsetzen. Heiko Cornelsen, Inhaber Unsere Philosophie Wir schauen auf die Umwelt. Mit unserem Engagement optimieren wir Produktion, Verpackung und Transport. Von unn\u00f6tigen Fahrten mit dem Auto sehen wir ab und bevorzugen, wenn immer m\u00f6glich, \u00d6V oder Velo. Abfall vermeiden ist uns ebenso wichtig [&hellip;]","og_url":"https:\/\/3d-atelier.ch\/?page_id=3396","og_site_name":"Atelier Visual Communication","article_modified_time":"2024-05-19T10:12:06+00:00","og_image":[{"url":"https:\/\/3d-atelier.ch\/wp-content\/uploads\/2024\/05\/PORTRAIT-SW.jpg"}],"twitter_card":"summary_large_image","schema":{"@context":"https:\/\/schema.org","@graph":[{"@type":"WebPage","@id":"https:\/\/3d-atelier.ch\/?page_id=3396","url":"https:\/\/3d-atelier.ch\/?page_id=3396","name":"About - Atelier Visual Communication","isPartOf":{"@id":"https:\/\/3d-atelier.ch\/#website"},"primaryImageOfPage":{"@id":"https:\/\/3d-atelier.ch\/?page_id=3396#primaryimage"},"image":{"@id":"https:\/\/3d-atelier.ch\/?page_id=3396#primaryimage"},"thumbnailUrl":"https:\/\/3d-atelier.ch\/wp-content\/uploads\/2024\/05\/PORTRAIT-SW.jpg","datePublished":"2024-05-18T10:08:49+00:00","dateModified":"2024-05-19T10:12:06+00:00","breadcrumb":{"@id":"https:\/\/3d-atelier.ch\/?page_id=3396#breadcrumb"},"inLanguage":"en-US","potentialAction":[{"@type":"ReadAction","target":["https:\/\/3d-atelier.ch\/?page_id=3396"]}]},{"@type":"ImageObject","inLanguage":"en-US","@id":"https:\/\/3d-atelier.ch\/?page_id=3396#primaryimage","url":"https:\/\/3d-atelier.ch\/wp-content\/uploads\/2024\/05\/PORTRAIT-SW.jpg","contentUrl":"https:\/\/3d-atelier.ch\/wp-content\/uploads\/2024\/05\/PORTRAIT-SW.jpg","width":787,"height":787},{"@type":"BreadcrumbList","@id":"https:\/\/3d-atelier.ch\/?page_id=3396#breadcrumb","itemListElement":[{"@type":"ListItem","position":1,"name":"Home","item":"https:\/\/3d-atelier.ch\/"},{"@type":"ListItem","position":2,"name":"About"}]},{"@type":"WebSite","@id":"https:\/\/3d-atelier.ch\/#website","url":"https:\/\/3d-atelier.ch\/","name":"Atelier Visual Communication","description":"","potentialAction":[{"@type":"SearchAction","target":{"@type":"EntryPoint","urlTemplate":"https:\/\/3d-atelier.ch\/?s={search_term_string}"},"query-input":"required name=search_term_string"}],"inLanguage":"en-US"}]}},"_links":{"self":[{"href":"https:\/\/3d-atelier.ch\/index.php?rest_route=\/wp\/v2\/pages\/3396","targetHints":{"allow":["GET"]}}],"collection":[{"href":"https:\/\/3d-atelier.ch\/index.php?rest_route=\/wp\/v2\/pages"}],"about":[{"href":"https:\/\/3d-atelier.ch\/index.php?rest_route=\/wp\/v2\/types\/page"}],"author":[{"embeddable":true,"href":"https:\/\/3d-atelier.ch\/index.php?rest_route=\/wp\/v2\/users\/1"}],"replies":[{"embeddable":true,"href":"https:\/\/3d-atelier.ch\/index.php?rest_route=%2Fwp%2Fv2%2Fcomments&post=3396"}],"version-history":[{"count":25,"href":"https:\/\/3d-atelier.ch\/index.php?rest_route=\/wp\/v2\/pages\/3396\/revisions"}],"predecessor-version":[{"id":3428,"href":"https:\/\/3d-atelier.ch\/index.php?rest_route=\/wp\/v2\/pages\/3396\/revisions\/3428"}],"wp:attachment":[{"href":"https:\/\/3d-atelier.ch\/index.php?rest_route=%2Fwp%2Fv2%2Fmedia&parent=3396"}],"curies":[{"name":"wp","href":"https:\/\/api.w.org\/{rel}","templated":true}]}}